{"id":625,"date":"2023-10-30T13:38:23","date_gmt":"2023-10-30T13:38:23","guid":{"rendered":"https:\/\/acrevagas.com.br\/?page_id=625"},"modified":"2024-08-13T14:53:26","modified_gmt":"2024-08-13T14:53:26","slug":"sobre","status":"publish","type":"page","link":"https:\/\/acrevagas.com.br\/?page_id=625","title":{"rendered":"Sobre"},"content":{"rendered":"\t\t<div data-elementor-type=\"wp-page\" data-elementor-id=\"625\" class=\"elementor elementor-625\">\n\t\t\t\t\t\t<section class=\"elementor-section elementor-top-section elementor-element elementor-element-782495ac elementor-section-full_width elementor-section-height-default elementor-section-height-default\" data-id=\"782495ac\" data-element_type=\"section\" data-e-type=\"section\" data-settings=\"{&quot;background_background&quot;:&quot;classic&quot;}\">\n\t\t\t\t\t\t<div class=\"elementor-container elementor-column-gap-default\">\n\t\t\t\t\t<div class=\"elementor-column elementor-col-100 elementor-top-column elementor-element elementor-element-5e865351\" data-id=\"5e865351\" data-element_type=\"column\" data-e-type=\"column\">\n\t\t\t<div class=\"elementor-widget-wrap elementor-element-populated\">\n\t\t\t\t\t\t<div class=\"elementor-element elementor-element-60ee3fa9 elementor-widget elementor-widget-image\" data-id=\"60ee3fa9\" data-element_type=\"widget\" data-e-type=\"widget\" data-widget_type=\"image.default\">\n\t\t\t\t<div class=\"elementor-widget-container\">\n\t\t\t\t\t\t\t\t\t\t\t\t\t\t\t<img fetchpriority=\"high\" decoding=\"async\" width=\"300\" height=\"300\" src=\"https:\/\/acrevagas.com.br\/wp-content\/uploads\/2024\/08\/acre-vagas-300x300.png\" class=\"attachment-medium size-medium wp-image-957\" alt=\"acre-vagas\" srcset=\"https:\/\/acrevagas.com.br\/wp-content\/uploads\/2024\/08\/acre-vagas-300x300.png 300w, https:\/\/acrevagas.com.br\/wp-content\/uploads\/2024\/08\/acre-vagas-150x150.png 150w, https:\/\/acrevagas.com.br\/wp-content\/uploads\/2024\/08\/acre-vagas-768x768.png 768w, https:\/\/acrevagas.com.br\/wp-content\/uploads\/2024\/08\/acre-vagas.png 1000w\" sizes=\"(max-width: 300px) 100vw, 300px\" \/>\t\t\t\t\t\t\t\t\t\t\t\t\t\t\t<\/div>\n\t\t\t\t<\/div>\n\t\t\t\t<div class=\"elementor-element elementor-element-34d6afc0 elementor-nav-menu__align-center elementor-nav-menu--dropdown-tablet elementor-nav-menu__text-align-aside elementor-nav-menu--toggle elementor-nav-menu--burger elementor-widget elementor-widget-nav-menu\" data-id=\"34d6afc0\" data-element_type=\"widget\" data-e-type=\"widget\" data-settings=\"{&quot;layout&quot;:&quot;horizontal&quot;,&quot;submenu_icon&quot;:{&quot;value&quot;:&quot;&lt;i class=\\&quot;fas fa-caret-down\\&quot;&gt;&lt;\\\/i&gt;&quot;,&quot;library&quot;:&quot;fa-solid&quot;},&quot;toggle&quot;:&quot;burger&quot;}\" data-widget_type=\"nav-menu.default\">\n\t\t\t\t<div class=\"elementor-widget-container\">\n\t\t\t\t\t\t\t\t<nav migration_allowed=\"1\" migrated=\"0\" role=\"navigation\" class=\"elementor-nav-menu--main elementor-nav-menu__container elementor-nav-menu--layout-horizontal e--pointer-background e--animation-fade\">\n\t\t\t\t<ul id=\"menu-1-34d6afc0\" class=\"elementor-nav-menu\"><li class=\"menu-item menu-item-type-post_type menu-item-object-page menu-item-home menu-item-633\"><a href=\"https:\/\/acrevagas.com.br\/\" class=\"elementor-item\">HOME<\/a><\/li>\n<li class=\"menu-item menu-item-type-post_type menu-item-object-page menu-item-635\"><a href=\"https:\/\/acrevagas.com.br\/?page_id=627\" class=\"elementor-item\">PRODUTOS E SERVI\u00c7OS<\/a><\/li>\n<li class=\"menu-item menu-item-type-post_type menu-item-object-page menu-item-853\"><a href=\"https:\/\/acrevagas.com.br\/?page_id=829\" class=\"elementor-item\">PRODUTOS GR\u00c1TIS<\/a><\/li>\n<li class=\"menu-item menu-item-type-post_type menu-item-object-page menu-item-634\"><a href=\"https:\/\/acrevagas.com.br\/?page_id=623\" class=\"elementor-item\">CONTATO<\/a><\/li>\n<li class=\"menu-item menu-item-type-post_type menu-item-object-page menu-item-636\"><a href=\"https:\/\/acrevagas.com.br\/?page_id=625\" class=\"elementor-item\">SOBRE N\u00d3S<\/a><\/li>\n<li class=\"menu-item menu-item-type-post_type menu-item-object-page menu-item-892\"><a href=\"https:\/\/acrevagas.com.br\/?page_id=890\" class=\"elementor-item\">TRANSPAR\u00caNCIA<\/a><\/li>\n<li class=\"menu-item menu-item-type-post_type menu-item-object-page menu-item-893\"><a href=\"https:\/\/acrevagas.com.br\/?page_id=888\" class=\"elementor-item\">TERMOS DE USO<\/a><\/li>\n<li class=\"menu-item menu-item-type-post_type menu-item-object-page menu-item-privacy-policy menu-item-894\"><a rel=\"privacy-policy\" href=\"https:\/\/acrevagas.com.br\/?page_id=884\" class=\"elementor-item\">POLITICAS DE PRIVACIDADE<\/a><\/li>\n<\/ul>\t\t\t<\/nav>\n\t\t\t\t\t<div class=\"elementor-menu-toggle\" role=\"button\" tabindex=\"0\" aria-label=\"Menu Toggle\" aria-expanded=\"false\">\n\t\t\t<i aria-hidden=\"true\" role=\"presentation\" class=\"elementor-menu-toggle__icon--open eicon-menu-bar\"><\/i><i aria-hidden=\"true\" role=\"presentation\" class=\"elementor-menu-toggle__icon--close eicon-close\"><\/i>\t\t\t<span class=\"elementor-screen-only\">Menu<\/span>\n\t\t<\/div>\n\t\t\t<nav class=\"elementor-nav-menu--dropdown elementor-nav-menu__container\" role=\"navigation\" aria-hidden=\"true\">\n\t\t\t\t<ul id=\"menu-2-34d6afc0\" class=\"elementor-nav-menu\"><li class=\"menu-item menu-item-type-post_type menu-item-object-page menu-item-home menu-item-633\"><a href=\"https:\/\/acrevagas.com.br\/\" class=\"elementor-item\" tabindex=\"-1\">HOME<\/a><\/li>\n<li class=\"menu-item menu-item-type-post_type menu-item-object-page menu-item-635\"><a href=\"https:\/\/acrevagas.com.br\/?page_id=627\" class=\"elementor-item\" tabindex=\"-1\">PRODUTOS E SERVI\u00c7OS<\/a><\/li>\n<li class=\"menu-item menu-item-type-post_type menu-item-object-page menu-item-853\"><a href=\"https:\/\/acrevagas.com.br\/?page_id=829\" class=\"elementor-item\" tabindex=\"-1\">PRODUTOS GR\u00c1TIS<\/a><\/li>\n<li class=\"menu-item menu-item-type-post_type menu-item-object-page menu-item-634\"><a href=\"https:\/\/acrevagas.com.br\/?page_id=623\" class=\"elementor-item\" tabindex=\"-1\">CONTATO<\/a><\/li>\n<li class=\"menu-item menu-item-type-post_type menu-item-object-page menu-item-636\"><a href=\"https:\/\/acrevagas.com.br\/?page_id=625\" class=\"elementor-item\" tabindex=\"-1\">SOBRE N\u00d3S<\/a><\/li>\n<li class=\"menu-item menu-item-type-post_type menu-item-object-page menu-item-892\"><a href=\"https:\/\/acrevagas.com.br\/?page_id=890\" class=\"elementor-item\" tabindex=\"-1\">TRANSPAR\u00caNCIA<\/a><\/li>\n<li class=\"menu-item menu-item-type-post_type menu-item-object-page menu-item-893\"><a href=\"https:\/\/acrevagas.com.br\/?page_id=888\" class=\"elementor-item\" tabindex=\"-1\">TERMOS DE USO<\/a><\/li>\n<li class=\"menu-item menu-item-type-post_type menu-item-object-page menu-item-privacy-policy menu-item-894\"><a rel=\"privacy-policy\" href=\"https:\/\/acrevagas.com.br\/?page_id=884\" class=\"elementor-item\" tabindex=\"-1\">POLITICAS DE PRIVACIDADE<\/a><\/li>\n<\/ul>\t\t\t<\/nav>\n\t\t\t\t\t\t<\/div>\n\t\t\t\t<\/div>\n\t\t\t\t\t<\/div>\n\t\t<\/div>\n\t\t\t\t\t<\/div>\n\t\t<\/section>\n\t\t\t\t<section class=\"elementor-section elementor-top-section elementor-element elementor-element-3938bbf elementor-section-full_width elementor-section-height-min-height elementor-section-height-default elementor-section-items-middle\" data-id=\"3938bbf\" data-element_type=\"section\" data-e-type=\"section\" data-settings=\"{&quot;background_background&quot;:&quot;classic&quot;}\">\n\t\t\t\t\t\t\t<div class=\"elementor-background-overlay\"><\/div>\n\t\t\t\t\t\t\t<div class=\"elementor-container elementor-column-gap-default\">\n\t\t\t\t\t<div class=\"elementor-column elementor-col-100 elementor-top-column elementor-element elementor-element-22b35e78\" data-id=\"22b35e78\" data-element_type=\"column\" data-e-type=\"column\">\n\t\t\t<div class=\"elementor-widget-wrap elementor-element-populated\">\n\t\t\t\t\t\t<div class=\"elementor-element elementor-element-10520dba elementor-widget elementor-widget-heading\" data-id=\"10520dba\" data-element_type=\"widget\" data-e-type=\"widget\" data-widget_type=\"heading.default\">\n\t\t\t\t<div class=\"elementor-widget-container\">\n\t\t\t\t\t<h2 class=\"elementor-heading-title elementor-size-default\">Sobre n\u00f3s<\/h2>\t\t\t\t<\/div>\n\t\t\t\t<\/div>\n\t\t\t\t<div class=\"elementor-element elementor-element-84cbf36 elementor-widget elementor-widget-image\" data-id=\"84cbf36\" data-element_type=\"widget\" data-e-type=\"widget\" data-widget_type=\"image.default\">\n\t\t\t\t<div class=\"elementor-widget-container\">\n\t\t\t\t\t\t\t\t\t\t\t\t\t\t\t<img decoding=\"async\" width=\"768\" height=\"512\" src=\"https:\/\/acrevagas.com.br\/wp-content\/uploads\/2024\/08\/equipe-acre-vagas-768x512.jpg\" class=\"attachment-medium_large size-medium_large wp-image-1036\" alt=\"equipe-acre-vagas\" srcset=\"https:\/\/acrevagas.com.br\/wp-content\/uploads\/2024\/08\/equipe-acre-vagas-768x512.jpg 768w, https:\/\/acrevagas.com.br\/wp-content\/uploads\/2024\/08\/equipe-acre-vagas-300x200.jpg 300w, https:\/\/acrevagas.com.br\/wp-content\/uploads\/2024\/08\/equipe-acre-vagas-930x620.jpg 930w, https:\/\/acrevagas.com.br\/wp-content\/uploads\/2024\/08\/equipe-acre-vagas.jpg 1000w\" sizes=\"(max-width: 768px) 100vw, 768px\" \/>\t\t\t\t\t\t\t\t\t\t\t\t\t\t\t<\/div>\n\t\t\t\t<\/div>\n\t\t\t\t<div class=\"elementor-element elementor-element-22bee67 elementor-widget elementor-widget-heading\" data-id=\"22bee67\" data-element_type=\"widget\" data-e-type=\"widget\" data-widget_type=\"heading.default\">\n\t\t\t\t<div class=\"elementor-widget-container\">\n\t\t\t\t\t<h2 class=\"elementor-heading-title elementor-size-default\">### Nossa Miss\u00e3o\n\nNo **AcreVagas**, nossa miss\u00e3o \u00e9 conectar talentos com oportunidades de emprego no estado do Acre. Acreditamos que cada pessoa merece a chance de encontrar o trabalho dos seus sonhos e que cada empresa merece encontrar o candidato ideal.\n\n### Quem Somos\n\nSomos uma equipe dedicada de profissionais apaixonados por ajudar pessoas a encontrar empregos que se alinhem com suas habilidades e aspira\u00e7\u00f5es. O AcreVagas surgiu da necessidade de um portal de empregos especializado na regi\u00e3o do Acre, oferecendo uma plataforma confi\u00e1vel e eficiente tanto para candidatos quanto para empregadores.\n\n### O Que Fazemos\n\nNo AcreVagas, oferecemos uma ampla gama de servi\u00e7os para facilitar o processo de recrutamento e sele\u00e7\u00e3o:\n\n- **Publica\u00e7\u00e3o de Vagas**: Empresas podem publicar suas vagas de emprego e alcan\u00e7ar um p\u00fablico qualificado.\n- **Busca de Empregos**: Candidatos podem procurar por vagas que correspondam \u00e0s suas habilidades e interesses.\n- **Consultoria de Carreira**: Oferecemos dicas e orienta\u00e7\u00f5es para ajudar candidatos a se destacarem no mercado de trabalho.\n- **Ferramentas de Recrutamento**: Fornecemos ferramentas avan\u00e7adas para ajudar empregadores a encontrar os melhores talentos.\n\n### Nossos Valores\n\n- **Transpar\u00eancia**: Valorizamos a honestidade e a clareza em todas as nossas intera\u00e7\u00f5es.\n- **Inova\u00e7\u00e3o**: Estamos constantemente buscando novas maneiras de melhorar nossos servi\u00e7os e oferecer mais valor aos nossos usu\u00e1rios.\n- **Compromisso**: Estamos comprometidos com o sucesso de nossos candidatos e empregadores.\n\n### Entre em Contato\n\nEstamos sempre aqui para ajudar! Se voc\u00ea tiver alguma d\u00favida ou precisar de assist\u00eancia, n\u00e3o hesite em entrar em contato conosco atrav\u00e9s do e-mail: suporte@acrevagas.com.br.<\/h2>\t\t\t\t<\/div>\n\t\t\t\t<\/div>\n\t\t\t\t\t<\/div>\n\t\t<\/div>\n\t\t\t\t\t<\/div>\n\t\t<\/section>\n\t\t\t\t<section class=\"elementor-section elementor-top-section elementor-element elementor-element-2755e483 elementor-section-full_width elementor-section-height-default elementor-section-height-default\" data-id=\"2755e483\" data-element_type=\"section\" data-e-type=\"section\" data-settings=\"{&quot;background_background&quot;:&quot;classic&quot;}\">\n\t\t\t\t\t\t<div class=\"elementor-container elementor-column-gap-default\">\n\t\t\t\t\t<div class=\"elementor-column elementor-col-33 elementor-top-column elementor-element elementor-element-58c064ae\" data-id=\"58c064ae\" data-element_type=\"column\" data-e-type=\"column\">\n\t\t\t<div class=\"elementor-widget-wrap elementor-element-populated\">\n\t\t\t\t\t\t<div class=\"elementor-element elementor-element-36f53e59 elementor-widget elementor-widget-heading\" data-id=\"36f53e59\" data-element_type=\"widget\" data-e-type=\"widget\" data-widget_type=\"heading.default\">\n\t\t\t\t<div class=\"elementor-widget-container\">\n\t\t\t\t\t<h2 class=\"elementor-heading-title elementor-size-default\">Localiza\u00e7\u00e3o<\/h2>\t\t\t\t<\/div>\n\t\t\t\t<\/div>\n\t\t\t\t<div class=\"elementor-element elementor-element-1cf730b5 elementor-widget elementor-widget-google_maps\" data-id=\"1cf730b5\" data-element_type=\"widget\" data-e-type=\"widget\" data-widget_type=\"google_maps.default\">\n\t\t\t\t<div class=\"elementor-widget-container\">\n\t\t\t\t\t\t\t<div class=\"elementor-custom-embed\">\n\t\t\t<iframe loading=\"lazy\"\n\t\t\t\t\tsrc=\"https:\/\/maps.google.com\/maps?q=R.%20Buriti%2C%20343%20-%20Jardim%20de%20Alah%2C%20Rio%20Branco%20-%20AC%2C%2069915-514&#038;t=m&#038;z=10&#038;output=embed&#038;iwloc=near\"\n\t\t\t\t\ttitle=\"R. Buriti, 343 - Jardim de Alah, Rio Branco - AC, 69915-514\"\n\t\t\t\t\taria-label=\"R. Buriti, 343 - Jardim de Alah, Rio Branco - AC, 69915-514\"\n\t\t\t><\/iframe>\n\t\t<\/div>\n\t\t\t\t\t\t<\/div>\n\t\t\t\t<\/div>\n\t\t\t\t\t<\/div>\n\t\t<\/div>\n\t\t\t\t<div class=\"elementor-column elementor-col-66 elementor-top-column elementor-element elementor-element-7cd26247\" data-id=\"7cd26247\" data-element_type=\"column\" data-e-type=\"column\">\n\t\t\t<div class=\"elementor-widget-wrap elementor-element-populated\">\n\t\t\t\t\t\t<div class=\"elementor-element elementor-element-4f0fdf0f elementor-widget elementor-widget-heading\" data-id=\"4f0fdf0f\" data-element_type=\"widget\" data-e-type=\"widget\" data-widget_type=\"heading.default\">\n\t\t\t\t<div class=\"elementor-widget-container\">\n\t\t\t\t\t<h2 class=\"elementor-heading-title elementor-size-default\">Atendimento<\/h2>\t\t\t\t<\/div>\n\t\t\t\t<\/div>\n\t\t\t\t<div class=\"elementor-element elementor-element-2156651d elementor-widget elementor-widget-text-editor\" data-id=\"2156651d\" data-element_type=\"widget\" data-e-type=\"widget\" data-widget_type=\"text-editor.default\">\n\t\t\t\t<div class=\"elementor-widget-container\">\n\t\t\t\t\t\t\t\t\t<p>Atendimento das 8:00 as 17:00<\/p><p>Segunda a Sexta &#8211; feira<\/p><p>CNPJ 98.636.764\/0001-72<br \/>Fone <span aria-label=\"Ligar para (68) 3213-8000\">(68) 3213-8000<\/span><\/p><p>Rio Branco &#8211; AC<\/p><p>Venha conferir todas as vagas de emprego dispon\u00edveis!<\/p>\t\t\t\t\t\t\t\t<\/div>\n\t\t\t\t<\/div>\n\t\t\t\t\t<\/div>\n\t\t<\/div>\n\t\t\t\t\t<\/div>\n\t\t<\/section>\n\t\t\t\t<\/div>\n\t\t","protected":false},"excerpt":{"rendered":"<p>Sobre n\u00f3s ### Nossa Miss\u00e3o No **AcreVagas**, nossa miss\u00e3o \u00e9 conectar talentos com oportunidades de emprego no estado do Acre. Acreditamos que cada pessoa merece a chance de encontrar o trabalho dos seus sonhos e que cada empresa merece encontrar o candidato ideal. ### Quem Somos Somos uma equipe dedicada de profissionais apaixonados por ajudar&hellip;&nbsp;<a href=\"https:\/\/acrevagas.com.br\/?page_id=625\" class=\"\" rel=\"bookmark\">Continue a ler &raquo;<span class=\"screen-reader-text\">Sobre<\/span><\/a><\/p>\n","protected":false},"author":1,"featured_media":0,"parent":0,"menu_order":0,"comment_status":"closed","ping_status":"closed","template":"elementor_canvas","meta":{"neve_meta_sidebar":"","neve_meta_container":"","neve_meta_enable_content_width":"","neve_meta_content_width":0,"neve_meta_title_alignment":"","neve_meta_author_avatar":"","neve_post_elements_order":"","neve_meta_disable_header":"","neve_meta_disable_footer":"","neve_meta_disable_title":"","footnotes":""},"class_list":["post-625","page","type-page","status-publish","hentry"],"_links":{"self":[{"href":"https:\/\/acrevagas.com.br\/index.php?rest_route=\/wp\/v2\/pages\/625","targetHints":{"allow":["GET"]}}],"collection":[{"href":"https:\/\/acrevagas.com.br\/index.php?rest_route=\/wp\/v2\/pages"}],"about":[{"href":"https:\/\/acrevagas.com.br\/index.php?rest_route=\/wp\/v2\/types\/page"}],"author":[{"embeddable":true,"href":"https:\/\/acrevagas.com.br\/index.php?rest_route=\/wp\/v2\/users\/1"}],"replies":[{"embeddable":true,"href":"https:\/\/acrevagas.com.br\/index.php?rest_route=%2Fwp%2Fv2%2Fcomments&post=625"}],"version-history":[{"count":31,"href":"https:\/\/acrevagas.com.br\/index.php?rest_route=\/wp\/v2\/pages\/625\/revisions"}],"predecessor-version":[{"id":1039,"href":"https:\/\/acrevagas.com.br\/index.php?rest_route=\/wp\/v2\/pages\/625\/revisions\/1039"}],"wp:attachment":[{"href":"https:\/\/acrevagas.com.br\/index.php?rest_route=%2Fwp%2Fv2%2Fmedia&parent=625"}],"curies":[{"name":"wp","href":"https:\/\/api.w.org\/{rel}","templated":true}]}}