{"id":623,"date":"2023-10-30T13:38:15","date_gmt":"2023-10-30T13:38:15","guid":{"rendered":"https:\/\/acrevagas.com.br\/?page_id=623"},"modified":"2024-09-16T12:21:09","modified_gmt":"2024-09-16T15:21:09","slug":"contato","status":"publish","type":"page","link":"https:\/\/acrevagas.com.br\/?page_id=623","title":{"rendered":"Contato"},"content":{"rendered":"\t\t<div data-elementor-type=\"wp-page\" data-elementor-id=\"623\" class=\"elementor elementor-623\">\n\t\t\t\t\t\t<section class=\"elementor-section elementor-top-section elementor-element elementor-element-60eefd10 elementor-section-full_width elementor-section-height-default elementor-section-height-default\" data-id=\"60eefd10\" data-element_type=\"section\" data-e-type=\"section\" data-settings=\"{&quot;background_background&quot;:&quot;classic&quot;}\">\n\t\t\t\t\t\t<div class=\"elementor-container elementor-column-gap-default\">\n\t\t\t\t\t<div class=\"elementor-column elementor-col-100 elementor-top-column elementor-element elementor-element-7cc9b330\" data-id=\"7cc9b330\" data-element_type=\"column\" data-e-type=\"column\">\n\t\t\t<div class=\"elementor-widget-wrap elementor-element-populated\">\n\t\t\t\t\t\t<div class=\"elementor-element elementor-element-1bd386b4 elementor-widget elementor-widget-image\" data-id=\"1bd386b4\" data-element_type=\"widget\" data-e-type=\"widget\" data-widget_type=\"image.default\">\n\t\t\t\t<div class=\"elementor-widget-container\">\n\t\t\t\t\t\t\t\t\t\t\t\t\t\t\t<img fetchpriority=\"high\" decoding=\"async\" width=\"300\" height=\"300\" src=\"https:\/\/acrevagas.com.br\/wp-content\/uploads\/2024\/08\/acre-vagas-300x300.png\" class=\"attachment-medium size-medium wp-image-957\" alt=\"acre-vagas\" srcset=\"https:\/\/acrevagas.com.br\/wp-content\/uploads\/2024\/08\/acre-vagas-300x300.png 300w, https:\/\/acrevagas.com.br\/wp-content\/uploads\/2024\/08\/acre-vagas-150x150.png 150w, https:\/\/acrevagas.com.br\/wp-content\/uploads\/2024\/08\/acre-vagas-768x768.png 768w, https:\/\/acrevagas.com.br\/wp-content\/uploads\/2024\/08\/acre-vagas.png 1000w\" sizes=\"(max-width: 300px) 100vw, 300px\" \/>\t\t\t\t\t\t\t\t\t\t\t\t\t\t\t<\/div>\n\t\t\t\t<\/div>\n\t\t\t\t<div class=\"elementor-element elementor-element-59cceb19 elementor-nav-menu__align-center elementor-nav-menu--dropdown-tablet elementor-nav-menu__text-align-aside elementor-nav-menu--toggle elementor-nav-menu--burger elementor-widget elementor-widget-nav-menu\" data-id=\"59cceb19\" data-element_type=\"widget\" data-e-type=\"widget\" data-settings=\"{&quot;layout&quot;:&quot;horizontal&quot;,&quot;submenu_icon&quot;:{&quot;value&quot;:&quot;&lt;i class=\\&quot;fas fa-caret-down\\&quot;&gt;&lt;\\\/i&gt;&quot;,&quot;library&quot;:&quot;fa-solid&quot;},&quot;toggle&quot;:&quot;burger&quot;}\" data-widget_type=\"nav-menu.default\">\n\t\t\t\t<div class=\"elementor-widget-container\">\n\t\t\t\t\t\t\t\t<nav migration_allowed=\"1\" migrated=\"0\" role=\"navigation\" class=\"elementor-nav-menu--main elementor-nav-menu__container elementor-nav-menu--layout-horizontal e--pointer-background e--animation-fade\">\n\t\t\t\t<ul id=\"menu-1-59cceb19\" class=\"elementor-nav-menu\"><li class=\"menu-item menu-item-type-post_type menu-item-object-page menu-item-home menu-item-633\"><a href=\"https:\/\/acrevagas.com.br\/\" class=\"elementor-item\">HOME<\/a><\/li>\n<li class=\"menu-item menu-item-type-post_type menu-item-object-page menu-item-635\"><a href=\"https:\/\/acrevagas.com.br\/?page_id=627\" class=\"elementor-item\">PRODUTOS E SERVI\u00c7OS<\/a><\/li>\n<li class=\"menu-item menu-item-type-post_type menu-item-object-page menu-item-853\"><a href=\"https:\/\/acrevagas.com.br\/?page_id=829\" class=\"elementor-item\">PRODUTOS GR\u00c1TIS<\/a><\/li>\n<li class=\"menu-item menu-item-type-post_type menu-item-object-page menu-item-634\"><a href=\"https:\/\/acrevagas.com.br\/?page_id=623\" class=\"elementor-item\">CONTATO<\/a><\/li>\n<li class=\"menu-item menu-item-type-post_type menu-item-object-page menu-item-636\"><a href=\"https:\/\/acrevagas.com.br\/?page_id=625\" class=\"elementor-item\">SOBRE N\u00d3S<\/a><\/li>\n<li class=\"menu-item menu-item-type-post_type menu-item-object-page menu-item-892\"><a href=\"https:\/\/acrevagas.com.br\/?page_id=890\" class=\"elementor-item\">TRANSPAR\u00caNCIA<\/a><\/li>\n<li class=\"menu-item menu-item-type-post_type menu-item-object-page menu-item-893\"><a href=\"https:\/\/acrevagas.com.br\/?page_id=888\" class=\"elementor-item\">TERMOS DE USO<\/a><\/li>\n<li class=\"menu-item menu-item-type-post_type menu-item-object-page menu-item-privacy-policy menu-item-894\"><a rel=\"privacy-policy\" href=\"https:\/\/acrevagas.com.br\/?page_id=884\" class=\"elementor-item\">POLITICAS DE PRIVACIDADE<\/a><\/li>\n<\/ul>\t\t\t<\/nav>\n\t\t\t\t\t<div class=\"elementor-menu-toggle\" role=\"button\" tabindex=\"0\" aria-label=\"Menu Toggle\" aria-expanded=\"false\">\n\t\t\t<i aria-hidden=\"true\" role=\"presentation\" class=\"elementor-menu-toggle__icon--open eicon-menu-bar\"><\/i><i aria-hidden=\"true\" role=\"presentation\" class=\"elementor-menu-toggle__icon--close eicon-close\"><\/i>\t\t\t<span class=\"elementor-screen-only\">Menu<\/span>\n\t\t<\/div>\n\t\t\t<nav class=\"elementor-nav-menu--dropdown elementor-nav-menu__container\" role=\"navigation\" aria-hidden=\"true\">\n\t\t\t\t<ul id=\"menu-2-59cceb19\" class=\"elementor-nav-menu\"><li class=\"menu-item menu-item-type-post_type menu-item-object-page menu-item-home menu-item-633\"><a href=\"https:\/\/acrevagas.com.br\/\" class=\"elementor-item\" tabindex=\"-1\">HOME<\/a><\/li>\n<li class=\"menu-item menu-item-type-post_type menu-item-object-page menu-item-635\"><a href=\"https:\/\/acrevagas.com.br\/?page_id=627\" class=\"elementor-item\" tabindex=\"-1\">PRODUTOS E SERVI\u00c7OS<\/a><\/li>\n<li class=\"menu-item menu-item-type-post_type menu-item-object-page menu-item-853\"><a href=\"https:\/\/acrevagas.com.br\/?page_id=829\" class=\"elementor-item\" tabindex=\"-1\">PRODUTOS GR\u00c1TIS<\/a><\/li>\n<li class=\"menu-item menu-item-type-post_type menu-item-object-page menu-item-634\"><a href=\"https:\/\/acrevagas.com.br\/?page_id=623\" class=\"elementor-item\" tabindex=\"-1\">CONTATO<\/a><\/li>\n<li class=\"menu-item menu-item-type-post_type menu-item-object-page menu-item-636\"><a href=\"https:\/\/acrevagas.com.br\/?page_id=625\" class=\"elementor-item\" tabindex=\"-1\">SOBRE N\u00d3S<\/a><\/li>\n<li class=\"menu-item menu-item-type-post_type menu-item-object-page menu-item-892\"><a href=\"https:\/\/acrevagas.com.br\/?page_id=890\" class=\"elementor-item\" tabindex=\"-1\">TRANSPAR\u00caNCIA<\/a><\/li>\n<li class=\"menu-item menu-item-type-post_type menu-item-object-page menu-item-893\"><a href=\"https:\/\/acrevagas.com.br\/?page_id=888\" class=\"elementor-item\" tabindex=\"-1\">TERMOS DE USO<\/a><\/li>\n<li class=\"menu-item menu-item-type-post_type menu-item-object-page menu-item-privacy-policy menu-item-894\"><a rel=\"privacy-policy\" href=\"https:\/\/acrevagas.com.br\/?page_id=884\" class=\"elementor-item\" tabindex=\"-1\">POLITICAS DE PRIVACIDADE<\/a><\/li>\n<\/ul>\t\t\t<\/nav>\n\t\t\t\t\t\t<\/div>\n\t\t\t\t<\/div>\n\t\t\t\t\t<\/div>\n\t\t<\/div>\n\t\t\t\t\t<\/div>\n\t\t<\/section>\n\t\t\t\t<section class=\"elementor-section elementor-top-section elementor-element elementor-element-6c8d0b14 elementor-section-full_width elementor-section-height-min-height elementor-section-height-default elementor-section-items-middle\" data-id=\"6c8d0b14\" data-element_type=\"section\" data-e-type=\"section\" data-settings=\"{&quot;background_background&quot;:&quot;classic&quot;}\">\n\t\t\t\t\t\t\t<div class=\"elementor-background-overlay\"><\/div>\n\t\t\t\t\t\t\t<div class=\"elementor-container elementor-column-gap-default\">\n\t\t\t\t\t<div class=\"elementor-column elementor-col-100 elementor-top-column elementor-element elementor-element-cf40c09\" data-id=\"cf40c09\" data-element_type=\"column\" data-e-type=\"column\">\n\t\t\t<div class=\"elementor-widget-wrap elementor-element-populated\">\n\t\t\t\t\t\t<div class=\"elementor-element elementor-element-120d51ac elementor-widget elementor-widget-heading\" data-id=\"120d51ac\" data-element_type=\"widget\" data-e-type=\"widget\" data-widget_type=\"heading.default\">\n\t\t\t\t<div class=\"elementor-widget-container\">\n\t\t\t\t\t<h2 class=\"elementor-heading-title elementor-size-default\">Entre em contato conosco clicando no bot\u00e3o logo abaixo!<\/h2>\t\t\t\t<\/div>\n\t\t\t\t<\/div>\n\t\t\t\t<div class=\"elementor-element elementor-element-6c1f063b elementor-align-center elementor-widget elementor-widget-button\" data-id=\"6c1f063b\" data-element_type=\"widget\" data-e-type=\"widget\" data-widget_type=\"button.default\">\n\t\t\t\t<div class=\"elementor-widget-container\">\n\t\t\t\t\t\t\t\t\t<div class=\"elementor-button-wrapper\">\n\t\t\t\t\t<a class=\"elementor-button elementor-button-link elementor-size-lg\" href=\"https:\/\/wa.me\/5568996072404\" target=\"_blank\" rel=\"noopener\">\n\t\t\t\t\t\t<span class=\"elementor-button-content-wrapper\">\n\t\t\t\t\t\t\t\t\t<span class=\"elementor-button-text\">FALAR COM UM CONSULTOR<\/span>\n\t\t\t\t\t<\/span>\n\t\t\t\t\t<\/a>\n\t\t\t\t<\/div>\n\t\t\t\t\t\t\t\t<\/div>\n\t\t\t\t<\/div>\n\t\t\t\t<div class=\"elementor-element elementor-element-9539658 elementor-widget elementor-widget-spacer\" data-id=\"9539658\" data-element_type=\"widget\" data-e-type=\"widget\" data-widget_type=\"spacer.default\">\n\t\t\t\t<div class=\"elementor-widget-container\">\n\t\t\t\t\t\t\t<div class=\"elementor-spacer\">\n\t\t\t<div class=\"elementor-spacer-inner\"><\/div>\n\t\t<\/div>\n\t\t\t\t\t\t<\/div>\n\t\t\t\t<\/div>\n\t\t\t\t\t<\/div>\n\t\t<\/div>\n\t\t\t\t\t<\/div>\n\t\t<\/section>\n\t\t\t\t<section class=\"elementor-section elementor-top-section elementor-element elementor-element-6191a280 elementor-section-full_width elementor-section-height-default elementor-section-height-default\" data-id=\"6191a280\" data-element_type=\"section\" data-e-type=\"section\" data-settings=\"{&quot;background_background&quot;:&quot;classic&quot;}\">\n\t\t\t\t\t\t<div class=\"elementor-container elementor-column-gap-default\">\n\t\t\t\t\t<div class=\"elementor-column elementor-col-33 elementor-top-column elementor-element elementor-element-5e9fcc47\" data-id=\"5e9fcc47\" data-element_type=\"column\" data-e-type=\"column\">\n\t\t\t<div class=\"elementor-widget-wrap elementor-element-populated\">\n\t\t\t\t\t\t<div class=\"elementor-element elementor-element-68a764e8 elementor-widget elementor-widget-heading\" data-id=\"68a764e8\" data-element_type=\"widget\" data-e-type=\"widget\" data-widget_type=\"heading.default\">\n\t\t\t\t<div class=\"elementor-widget-container\">\n\t\t\t\t\t<h2 class=\"elementor-heading-title elementor-size-default\">Localiza\u00e7\u00e3o<\/h2>\t\t\t\t<\/div>\n\t\t\t\t<\/div>\n\t\t\t\t<div class=\"elementor-element elementor-element-6c38319e elementor-widget elementor-widget-google_maps\" data-id=\"6c38319e\" data-element_type=\"widget\" data-e-type=\"widget\" data-widget_type=\"google_maps.default\">\n\t\t\t\t<div class=\"elementor-widget-container\">\n\t\t\t\t\t\t\t<div class=\"elementor-custom-embed\">\n\t\t\t<iframe loading=\"lazy\"\n\t\t\t\t\tsrc=\"https:\/\/maps.google.com\/maps?q=R.%20Buriti%2C%20343%20-%20Jardim%20de%20Alah%2C%20Rio%20Branco%20-%20AC%2C%2069915-514&#038;t=m&#038;z=10&#038;output=embed&#038;iwloc=near\"\n\t\t\t\t\ttitle=\"R. Buriti, 343 - Jardim de Alah, Rio Branco - AC, 69915-514\"\n\t\t\t\t\taria-label=\"R. Buriti, 343 - Jardim de Alah, Rio Branco - AC, 69915-514\"\n\t\t\t><\/iframe>\n\t\t<\/div>\n\t\t\t\t\t\t<\/div>\n\t\t\t\t<\/div>\n\t\t\t\t\t<\/div>\n\t\t<\/div>\n\t\t\t\t<div class=\"elementor-column elementor-col-66 elementor-top-column elementor-element elementor-element-36cd6137\" data-id=\"36cd6137\" data-element_type=\"column\" data-e-type=\"column\">\n\t\t\t<div class=\"elementor-widget-wrap elementor-element-populated\">\n\t\t\t\t\t\t<div class=\"elementor-element elementor-element-292d9e39 elementor-widget elementor-widget-heading\" data-id=\"292d9e39\" data-element_type=\"widget\" data-e-type=\"widget\" data-widget_type=\"heading.default\">\n\t\t\t\t<div class=\"elementor-widget-container\">\n\t\t\t\t\t<h2 class=\"elementor-heading-title elementor-size-default\">Atendimento<\/h2>\t\t\t\t<\/div>\n\t\t\t\t<\/div>\n\t\t\t\t<div class=\"elementor-element elementor-element-234e3551 elementor-widget elementor-widget-text-editor\" data-id=\"234e3551\" data-element_type=\"widget\" data-e-type=\"widget\" data-widget_type=\"text-editor.default\">\n\t\t\t\t<div class=\"elementor-widget-container\">\n\t\t\t\t\t\t\t\t\t<p>Atendimento das 8:00 as 17:00<\/p><p>Segunda a Sexta \u2013 feira<\/p><p>CNPJ 98.636.764\/0001-72<br \/>Fone\u00a0<span aria-label=\"Ligar para (68) 3213-8000\">(68) 3213-8000<\/span><\/p><p>Rio Branco \u2013 AC<\/p><p>Venha conferir todas as vagas de emprego dispon\u00edveis!<\/p>\t\t\t\t\t\t\t\t<\/div>\n\t\t\t\t<\/div>\n\t\t\t\t\t<\/div>\n\t\t<\/div>\n\t\t\t\t\t<\/div>\n\t\t<\/section>\n\t\t\t\t<\/div>\n\t\t","protected":false},"excerpt":{"rendered":"<p>Entre em contato conosco clicando no bot\u00e3o logo abaixo! FALAR COM UM CONSULTOR Localiza\u00e7\u00e3o Atendimento Atendimento das 8:00 as 17:00 Segunda a Sexta \u2013 feira CNPJ 98.636.764\/0001-72Fone\u00a0(68) 3213-8000 Rio Branco \u2013 AC Venha conferir todas as vagas de emprego dispon\u00edveis!<\/p>\n","protected":false},"author":1,"featured_media":0,"parent":0,"menu_order":0,"comment_status":"closed","ping_status":"closed","template":"elementor_canvas","meta":{"neve_meta_sidebar":"","neve_meta_container":"","neve_meta_enable_content_width":"","neve_meta_content_width":0,"neve_meta_title_alignment":"","neve_meta_author_avatar":"","neve_post_elements_order":"","neve_meta_disable_header":"","neve_meta_disable_footer":"","neve_meta_disable_title":"","footnotes":""},"class_list":["post-623","page","type-page","status-publish","hentry"],"_links":{"self":[{"href":"https:\/\/acrevagas.com.br\/index.php?rest_route=\/wp\/v2\/pages\/623","targetHints":{"allow":["GET"]}}],"collection":[{"href":"https:\/\/acrevagas.com.br\/index.php?rest_route=\/wp\/v2\/pages"}],"about":[{"href":"https:\/\/acrevagas.com.br\/index.php?rest_route=\/wp\/v2\/types\/page"}],"author":[{"embeddable":true,"href":"https:\/\/acrevagas.com.br\/index.php?rest_route=\/wp\/v2\/users\/1"}],"replies":[{"embeddable":true,"href":"https:\/\/acrevagas.com.br\/index.php?rest_route=%2Fwp%2Fv2%2Fcomments&post=623"}],"version-history":[{"count":40,"href":"https:\/\/acrevagas.com.br\/index.php?rest_route=\/wp\/v2\/pages\/623\/revisions"}],"predecessor-version":[{"id":1202,"href":"https:\/\/acrevagas.com.br\/index.php?rest_route=\/wp\/v2\/pages\/623\/revisions\/1202"}],"wp:attachment":[{"href":"https:\/\/acrevagas.com.br\/index.php?rest_route=%2Fwp%2Fv2%2Fmedia&parent=623"}],"curies":[{"name":"wp","href":"https:\/\/api.w.org\/{rel}","templated":true}]}}